{"id":5732,"date":"2025-05-06T11:47:55","date_gmt":"2025-05-06T09:47:55","guid":{"rendered":"https:\/\/ricam.compsaonline.cat\/tarifas-y-tablas\/"},"modified":"2025-05-12T10:53:30","modified_gmt":"2025-05-12T08:53:30","slug":"tarifas-y-tablas","status":"publish","type":"page","link":"https:\/\/ricam.compsaonline.cat\/es\/tarifas-y-tablas\/","title":{"rendered":"Tarifas y Tablas"},"content":{"rendered":"<p><div class=\"fusion-fullwidth fullwidth-box fusion-builder-row-1 fusion-flex-container has-pattern-background has-mask-background fusion-parallax-none nonhundred-percent-fullwidth non-hundred-percent-height-scrolling lazyload\" style=\"--awb-border-radius-top-left:0px;--awb-border-radius-top-right:0px;--awb-border-radius-bottom-right:0px;--awb-border-radius-bottom-left:0px;--awb-padding-top:70px;--awb-padding-right:0px;--awb-padding-bottom:70px;--awb-padding-left:0px;--awb-padding-bottom-small:70px;--awb-padding-left-small:28px;--awb-margin-top:0px;--awb-margin-bottom:0px;--awb-background-image:radial-gradient(circle at left center, rgba(17,33,45,0.85) 0%,rgba(255,255,255,0) 50%);;--awb-background-size:cover;--awb-flex-wrap:wrap;\" data-bg=\"https:\/\/ricam.compsaonline.cat\/wp-content\/uploads\/2025\/05\/header-actualitat.jpg\" data-bg-gradient=\"radial-gradient(circle at left center, rgba(17,33,45,0.85) 0%,rgba(255,255,255,0) 50%)\" ><div class=\"fusion-builder-row fusion-row fusion-flex-align-items-center fusion-flex-content-wrap\" style=\"max-width:1216.8px;margin-left: calc(-4% \/ 2 );margin-right: calc(-4% \/ 2 );\"><div class=\"fusion-layout-column fusion_builder_column fusion-builder-column-0 fusion_builder_column_1_2 1_2 fusion-flex-column\" style=\"--awb-bg-size:cover;--awb-width-large:50%;--awb-margin-top-large:0px;--awb-spacing-right-large:3.84%;--awb-margin-bottom-large:0px;--awb-spacing-left-large:3.84%;--awb-width-medium:100%;--awb-order-medium:0;--awb-spacing-right-medium:1.92%;--awb-spacing-left-medium:1.92%;--awb-width-small:100%;--awb-order-small:0;--awb-spacing-right-small:1.92%;--awb-margin-bottom-small:0px;--awb-spacing-left-small:1.92%;\"><div class=\"fusion-column-wrapper fusion-column-has-shadow fusion-flex-justify-content-flex-start fusion-content-layout-column\"><div class=\"fusion-title title fusion-title-1 fusion-title-text fusion-title-size-one\" style=\"--awb-text-color:var(--awb-color1);--awb-margin-bottom:0px;--awb-font-size:3em;\"><div class=\"title-sep-container title-sep-container-left fusion-no-large-visibility fusion-no-medium-visibility fusion-no-small-visibility\"><div class=\"title-sep sep- sep-solid\" style=\"border-color:var(--awb-color3);\"><\/div><\/div><span class=\"awb-title-spacer fusion-no-large-visibility fusion-no-medium-visibility fusion-no-small-visibility\"><\/span><h1 class=\"fusion-title-heading title-heading-left fusion-responsive-typography-calculated\" style=\"font-family:&quot;Montserrat&quot;;font-style:normal;font-weight:700;margin:0;font-size:1em;text-transform:none;--fontSize:57;line-height:0.79;\">Tarifas y tablas<\/h1><span class=\"awb-title-spacer\"><\/span><div class=\"title-sep-container title-sep-container-right\"><div class=\"title-sep sep- sep-solid\" style=\"border-color:var(--awb-color3);\"><\/div><\/div><\/div><\/div><\/div><\/div><\/div><div class=\"fusion-fullwidth fullwidth-box fusion-builder-row-2 fusion-flex-container has-pattern-background has-mask-background hundred-percent-fullwidth non-hundred-percent-height-scrolling\" style=\"--awb-border-radius-top-left:0px;--awb-border-radius-top-right:0px;--awb-border-radius-bottom-right:0px;--awb-border-radius-bottom-left:0px;--awb-padding-top:0px;--awb-padding-right:0px;--awb-padding-bottom:0px;--awb-padding-left:0px;--awb-padding-right-small:0px;--awb-padding-left-small:0px;--awb-margin-top:0px;--awb-background-color:#ffffff;--awb-flex-wrap:wrap;\" ><div class=\"fusion-builder-row fusion-row fusion-flex-align-items-flex-start fusion-flex-content-wrap\" style=\"width:104% !important;max-width:104% !important;margin-left: calc(-4% \/ 2 );margin-right: calc(-4% \/ 2 );\"><div class=\"fusion-layout-column fusion_builder_column fusion-builder-column-1 fusion_builder_column_1_1 1_1 fusion-flex-column\" style=\"--awb-bg-size:cover;--awb-width-large:100%;--awb-margin-top-large:0px;--awb-spacing-right-large:1.92%;--awb-margin-bottom-large:0px;--awb-spacing-left-large:1.92%;--awb-width-medium:100%;--awb-order-medium:0;--awb-spacing-right-medium:1.92%;--awb-spacing-left-medium:1.92%;--awb-width-small:100%;--awb-order-small:0;--awb-spacing-right-small:1.92%;--awb-spacing-left-small:1.92%;\"><div class=\"fusion-column-wrapper fusion-column-has-shadow fusion-flex-justify-content-flex-start fusion-content-layout-column\"><iframe id=\"bcw_iframe\" src=\"data:image\/svg+xml,%3Csvg%20xmlns%3D%27http%3A%2F%2Fwww.w3.org%2F2000%2Fsvg%27%20width%3D%27100%27%20height%3D%272600%27%20viewBox%3D%270%200%20100%202600%27%3E%3Crect%20width%3D%27100%27%20height%3D%272600%27%20fill-opacity%3D%220%22%2F%3E%3C%2Fsvg%3E\" data-orig-src=\"https:\/\/ricam.clientlink.es\/\/change-language\/es-ES?ifr_params=tarifas-y-tablas\" width=\"100%\" height=\"2600\" instance=\"es\" lang=\"es\" page=\"tarifas-y-tablas\" style=\"width: 100%; height: 1628px;\" class=\"lazyload iframe-adjusted\">\n<\/iframe><\/div><\/div><\/div><\/div><\/p>\n","protected":false},"excerpt":{"rendered":"","protected":false},"author":1,"featured_media":0,"parent":0,"menu_order":0,"comment_status":"closed","ping_status":"closed","template":"100-width.php","meta":{"footnotes":""},"class_list":["post-5732","page","type-page","status-publish","hentry"],"yoast_head":"<!-- This site is optimized with the Yoast SEO plugin v25.0 - https:\/\/yoast.com\/wordpress\/plugins\/seo\/ -->\n<title>Tarifas y Tablas - RICAM ASSOCIATS<\/title>\n<meta name=\"robots\" content=\"noindex, follow, max-snippet:-1, max-image-preview:large, max-video-preview:-1\" \/>\n<meta property=\"og:locale\" content=\"es_ES\" \/>\n<meta property=\"og:type\" content=\"article\" \/>\n<meta property=\"og:title\" content=\"Tarifas y Tablas - RICAM ASSOCIATS\" \/>\n<meta property=\"og:url\" content=\"https:\/\/ricam.compsaonline.cat\/es\/tarifas-y-tablas\/\" \/>\n<meta property=\"og:site_name\" content=\"RICAM ASSOCIATS\" \/>\n<meta property=\"article:modified_time\" content=\"2025-05-12T08:53:30+00:00\" \/>\n<meta name=\"twitter:card\" content=\"summary_large_image\" \/>\n<meta name=\"twitter:label1\" content=\"Tiempo de lectura\" \/>\n\t<meta name=\"twitter:data1\" content=\"1 minuto\" \/>\n<script type=\"application\/ld+json\" class=\"yoast-schema-graph\">{\"@context\":\"https:\/\/schema.org\",\"@graph\":[{\"@type\":\"WebPage\",\"@id\":\"https:\/\/ricam.compsaonline.cat\/es\/tarifas-y-tablas\/\",\"url\":\"https:\/\/ricam.compsaonline.cat\/es\/tarifas-y-tablas\/\",\"name\":\"Tarifas y Tablas - RICAM ASSOCIATS\",\"isPartOf\":{\"@id\":\"https:\/\/ricam.compsaonline.cat\/es\/#website\"},\"datePublished\":\"2025-05-06T09:47:55+00:00\",\"dateModified\":\"2025-05-12T08:53:30+00:00\",\"breadcrumb\":{\"@id\":\"https:\/\/ricam.compsaonline.cat\/es\/tarifas-y-tablas\/#breadcrumb\"},\"inLanguage\":\"es\",\"potentialAction\":[{\"@type\":\"ReadAction\",\"target\":[\"https:\/\/ricam.compsaonline.cat\/es\/tarifas-y-tablas\/\"]}]},{\"@type\":\"BreadcrumbList\",\"@id\":\"https:\/\/ricam.compsaonline.cat\/es\/tarifas-y-tablas\/#breadcrumb\",\"itemListElement\":[{\"@type\":\"ListItem\",\"position\":1,\"name\":\"Inici\",\"item\":\"https:\/\/ricam.compsaonline.cat\/es\/\"},{\"@type\":\"ListItem\",\"position\":2,\"name\":\"Tarifas y Tablas\"}]},{\"@type\":\"WebSite\",\"@id\":\"https:\/\/ricam.compsaonline.cat\/es\/#website\",\"url\":\"https:\/\/ricam.compsaonline.cat\/es\/\",\"name\":\"RICAM ASSOCIATS\",\"description\":\"Si tens una idea de negoci, estem aqu\u00ed per ajudar-te a fer-la realitat. Vetllem pels teus interessos i t&#039;acompanyem en cada pas, facilitant-te el cam\u00ed i ajudant-te en els tr\u00e0mits administratius.\",\"potentialAction\":[{\"@type\":\"SearchAction\",\"target\":{\"@type\":\"EntryPoint\",\"urlTemplate\":\"https:\/\/ricam.compsaonline.cat\/es\/?s={search_term_string}\"},\"query-input\":{\"@type\":\"PropertyValueSpecification\",\"valueRequired\":true,\"valueName\":\"search_term_string\"}}],\"inLanguage\":\"es\"}]}<\/script>\n<!-- \/ Yoast SEO plugin. -->","yoast_head_json":{"title":"Tarifas y Tablas - RICAM ASSOCIATS","robots":{"index":"noindex","follow":"follow","max-snippet":"max-snippet:-1","max-image-preview":"max-image-preview:large","max-video-preview":"max-video-preview:-1"},"og_locale":"es_ES","og_type":"article","og_title":"Tarifas y Tablas - RICAM ASSOCIATS","og_url":"https:\/\/ricam.compsaonline.cat\/es\/tarifas-y-tablas\/","og_site_name":"RICAM ASSOCIATS","article_modified_time":"2025-05-12T08:53:30+00:00","twitter_card":"summary_large_image","twitter_misc":{"Tiempo de lectura":"1 minuto"},"schema":{"@context":"https:\/\/schema.org","@graph":[{"@type":"WebPage","@id":"https:\/\/ricam.compsaonline.cat\/es\/tarifas-y-tablas\/","url":"https:\/\/ricam.compsaonline.cat\/es\/tarifas-y-tablas\/","name":"Tarifas y Tablas - RICAM ASSOCIATS","isPartOf":{"@id":"https:\/\/ricam.compsaonline.cat\/es\/#website"},"datePublished":"2025-05-06T09:47:55+00:00","dateModified":"2025-05-12T08:53:30+00:00","breadcrumb":{"@id":"https:\/\/ricam.compsaonline.cat\/es\/tarifas-y-tablas\/#breadcrumb"},"inLanguage":"es","potentialAction":[{"@type":"ReadAction","target":["https:\/\/ricam.compsaonline.cat\/es\/tarifas-y-tablas\/"]}]},{"@type":"BreadcrumbList","@id":"https:\/\/ricam.compsaonline.cat\/es\/tarifas-y-tablas\/#breadcrumb","itemListElement":[{"@type":"ListItem","position":1,"name":"Inici","item":"https:\/\/ricam.compsaonline.cat\/es\/"},{"@type":"ListItem","position":2,"name":"Tarifas y Tablas"}]},{"@type":"WebSite","@id":"https:\/\/ricam.compsaonline.cat\/es\/#website","url":"https:\/\/ricam.compsaonline.cat\/es\/","name":"RICAM ASSOCIATS","description":"Si tens una idea de negoci, estem aqu\u00ed per ajudar-te a fer-la realitat. Vetllem pels teus interessos i t&#039;acompanyem en cada pas, facilitant-te el cam\u00ed i ajudant-te en els tr\u00e0mits administratius.","potentialAction":[{"@type":"SearchAction","target":{"@type":"EntryPoint","urlTemplate":"https:\/\/ricam.compsaonline.cat\/es\/?s={search_term_string}"},"query-input":{"@type":"PropertyValueSpecification","valueRequired":true,"valueName":"search_term_string"}}],"inLanguage":"es"}]}},"_links":{"self":[{"href":"https:\/\/ricam.compsaonline.cat\/es\/wp-json\/wp\/v2\/pages\/5732","targetHints":{"allow":["GET"]}}],"collection":[{"href":"https:\/\/ricam.compsaonline.cat\/es\/wp-json\/wp\/v2\/pages"}],"about":[{"href":"https:\/\/ricam.compsaonline.cat\/es\/wp-json\/wp\/v2\/types\/page"}],"author":[{"embeddable":true,"href":"https:\/\/ricam.compsaonline.cat\/es\/wp-json\/wp\/v2\/users\/1"}],"replies":[{"embeddable":true,"href":"https:\/\/ricam.compsaonline.cat\/es\/wp-json\/wp\/v2\/comments?post=5732"}],"version-history":[{"count":6,"href":"https:\/\/ricam.compsaonline.cat\/es\/wp-json\/wp\/v2\/pages\/5732\/revisions"}],"predecessor-version":[{"id":5953,"href":"https:\/\/ricam.compsaonline.cat\/es\/wp-json\/wp\/v2\/pages\/5732\/revisions\/5953"}],"wp:attachment":[{"href":"https:\/\/ricam.compsaonline.cat\/es\/wp-json\/wp\/v2\/media?parent=5732"}],"curies":[{"name":"wp","href":"https:\/\/api.w.org\/{rel}","templated":true}]}}