{"id":5753,"date":"2025-05-02T12:13:45","date_gmt":"2025-05-02T10:13:45","guid":{"rendered":"https:\/\/ricam.compsaonline.cat\/asesoria-laboral\/"},"modified":"2025-05-12T10:39:26","modified_gmt":"2025-05-12T08:39:26","slug":"asesoria-laboral","status":"publish","type":"page","link":"https:\/\/ricam.compsaonline.cat\/es\/asesoria-laboral\/","title":{"rendered":"Asesor\u00eda Laboral"},"content":{"rendered":"<p><div class=\"fusion-fullwidth fullwidth-box fusion-builder-row-1 fusion-flex-container has-pattern-background has-mask-background fusion-parallax-none nonhundred-percent-fullwidth non-hundred-percent-height-scrolling lazyload\" style=\"--awb-background-position:center top;--awb-border-radius-top-left:0px;--awb-border-radius-top-right:0px;--awb-border-radius-bottom-right:0px;--awb-border-radius-bottom-left:0px;--awb-padding-top:150px;--awb-padding-right:0px;--awb-padding-bottom:150px;--awb-padding-left:0px;--awb-padding-bottom-small:124px;--awb-padding-left-small:28px;--awb-margin-top:0px;--awb-margin-bottom:0px;--awb-background-image:radial-gradient(circle at left center, rgba(17,33,45,0.85) 0%,rgba(255,255,255,0) 50%);;--awb-background-size:cover;--awb-flex-wrap:wrap;\" data-bg=\"https:\/\/ricam.compsaonline.cat\/wp-content\/uploads\/2025\/05\/header-assessoria-laboral.jpg\" data-bg-gradient=\"radial-gradient(circle at left center, rgba(17,33,45,0.85) 0%,rgba(255,255,255,0) 50%)\" ><div class=\"fusion-builder-row fusion-row fusion-flex-align-items-center fusion-flex-content-wrap\" style=\"max-width:1216.8px;margin-left: calc(-4% \/ 2 );margin-right: calc(-4% \/ 2 );\"><div class=\"fusion-layout-column fusion_builder_column fusion-builder-column-0 fusion_builder_column_1_2 1_2 fusion-flex-column\" style=\"--awb-bg-size:cover;--awb-width-large:50%;--awb-margin-top-large:0px;--awb-spacing-right-large:3.84%;--awb-margin-bottom-large:0px;--awb-spacing-left-large:3.84%;--awb-width-medium:100%;--awb-order-medium:0;--awb-spacing-right-medium:1.92%;--awb-spacing-left-medium:1.92%;--awb-width-small:100%;--awb-order-small:0;--awb-spacing-right-small:1.92%;--awb-margin-bottom-small:0px;--awb-spacing-left-small:1.92%;\"><div class=\"fusion-column-wrapper fusion-column-has-shadow fusion-flex-justify-content-flex-start fusion-content-layout-column\"><div class=\"fusion-title title fusion-title-1 fusion-title-text fusion-title-size-one\" style=\"--awb-text-color:var(--awb-color1);--awb-margin-bottom:0px;--awb-font-size:3em;\"><div class=\"title-sep-container title-sep-container-left fusion-no-large-visibility fusion-no-medium-visibility fusion-no-small-visibility\"><div class=\"title-sep sep- sep-solid\" style=\"border-color:var(--awb-color3);\"><\/div><\/div><span class=\"awb-title-spacer fusion-no-large-visibility fusion-no-medium-visibility fusion-no-small-visibility\"><\/span><h1 class=\"fusion-title-heading title-heading-left fusion-responsive-typography-calculated\" style=\"font-family:&quot;Montserrat&quot;;font-style:normal;font-weight:700;margin:0;font-size:1em;text-transform:none;--fontSize:57;line-height:1.03;\">Asesor\u00eda<br \/>\nLaboral<\/h1><span class=\"awb-title-spacer\"><\/span><div class=\"title-sep-container title-sep-container-right\"><div class=\"title-sep sep- sep-solid\" style=\"border-color:var(--awb-color3);\"><\/div><\/div><\/div><\/div><\/div><\/div><\/div><div class=\"fusion-fullwidth fullwidth-box fusion-builder-row-2 fusion-flex-container has-pattern-background has-mask-background nonhundred-percent-fullwidth non-hundred-percent-height-scrolling\" style=\"--awb-border-radius-top-left:0px;--awb-border-radius-top-right:0px;--awb-border-radius-bottom-right:0px;--awb-border-radius-bottom-left:0px;--awb-padding-top:50px;--awb-padding-bottom:80px;--awb-padding-left:0px;--awb-padding-right-small:30px;--awb-padding-left-small:30px;--awb-margin-top:0px;--awb-flex-wrap:wrap;\" ><div class=\"fusion-builder-row fusion-row fusion-flex-align-items-flex-start fusion-flex-content-wrap\" style=\"max-width:1216.8px;margin-left: calc(-4% \/ 2 );margin-right: calc(-4% \/ 2 );\"><div class=\"fusion-layout-column fusion_builder_column fusion-builder-column-1 fusion-flex-column\" style=\"--awb-padding-left-small:0px;--awb-bg-size:cover;--awb-width-large:50%;--awb-margin-top-large:0px;--awb-spacing-right-large:3.84%;--awb-margin-bottom-large:0px;--awb-spacing-left-large:2.688%;--awb-width-medium:100%;--awb-order-medium:0;--awb-spacing-right-medium:1.92%;--awb-spacing-left-medium:1.92%;--awb-width-small:100%;--awb-order-small:0;--awb-spacing-right-small:1.92%;--awb-spacing-left-small:3.168%;\"><div class=\"fusion-column-wrapper fusion-column-has-shadow fusion-flex-justify-content-flex-start fusion-content-layout-column\"><div class=\"fusion-text fusion-text-1 fusion-text-no-margin\" style=\"--awb-content-alignment:left;--awb-font-size:21px;--awb-line-height:1.4em;--awb-text-color:var(--awb-color4);--awb-margin-bottom:30px;--awb-text-font-family:&quot;Montserrat&quot;;--awb-text-font-style:normal;--awb-text-font-weight:400;\"><p>\u00bfTe sientes seguro con la gesti\u00f3n de tu equipo? \u00bfTienes claros todos los derechos y deberes laborales para evitar problemas con las personas trabajadoras de tu empresa?<\/p>\n<\/div><div class=\"fusion-text fusion-text-2 fusion-text-no-margin\" style=\"--awb-font-size:14px;--awb-text-color:var(--awb-color4);--awb-margin-bottom:0px;--awb-text-font-family:&quot;Montserrat&quot;;--awb-text-font-style:normal;--awb-text-font-weight:500;\"><p>El asesoramiento laboral es clave para gestionar de manera eficaz a las personas que forman parte de tu empresa. Si te preocupa evitar conflictos laborales o posibles sanciones, contar con un buen asesor laboral te ayuda a prevenir malentendidos y a garantizar que cumples con la normativa vigente.<\/p>\n<p>Adem\u00e1s, un asesoramiento adecuado te ayuda a gestionar mejor a tus trabajadores, asegurando que todo funcione correctamente para conseguir los mejores resultados.<\/p>\n<\/div><\/div><\/div><\/div><\/div><div class=\"fusion-fullwidth fullwidth-box fusion-builder-row-3 fusion-flex-container has-pattern-background has-mask-background nonhundred-percent-fullwidth non-hundred-percent-height-scrolling\" style=\"--awb-border-radius-top-left:0px;--awb-border-radius-top-right:0px;--awb-border-radius-bottom-right:0px;--awb-border-radius-bottom-left:0px;--awb-flex-wrap:wrap;\" ><div class=\"fusion-builder-row fusion-row fusion-flex-align-items-flex-start fusion-flex-content-wrap\" style=\"max-width:1216.8px;margin-left: calc(-4% \/ 2 );margin-right: calc(-4% \/ 2 );\"><div class=\"fusion-layout-column fusion_builder_column fusion-builder-column-2 fusion_builder_column_1_1 1_1 fusion-flex-column\" style=\"--awb-bg-size:cover;--awb-width-large:100%;--awb-margin-top-large:0px;--awb-spacing-right-large:1.92%;--awb-margin-bottom-large:0px;--awb-spacing-left-large:0%;--awb-width-medium:100%;--awb-order-medium:0;--awb-spacing-right-medium:1.92%;--awb-spacing-left-medium:1.92%;--awb-width-small:100%;--awb-order-small:0;--awb-spacing-right-small:1.92%;--awb-spacing-left-small:1.92%;\"><div class=\"fusion-column-wrapper fusion-column-has-shadow fusion-flex-justify-content-flex-start fusion-content-layout-column\"><div class=\"fusion-separator fusion-full-width-sep\" style=\"align-self: center;margin-left: auto;margin-right: auto;width:100%;\"><div class=\"fusion-separator-border sep-single sep-solid\" style=\"--awb-height:20px;--awb-amount:20px;--awb-sep-color:var(--awb-color4);border-color:var(--awb-color4);border-top-width:1px;\"><\/div><\/div><\/div><\/div><\/div><\/div><div class=\"fusion-fullwidth fullwidth-box fusion-builder-row-4 fusion-flex-container has-pattern-background has-mask-background content_for_title nonhundred-percent-fullwidth non-hundred-percent-height-scrolling\" style=\"--awb-border-radius-top-left:0px;--awb-border-radius-top-right:0px;--awb-border-radius-bottom-right:0px;--awb-border-radius-bottom-left:0px;--awb-padding-top:80px;--awb-padding-bottom:80px;--awb-flex-wrap:wrap;\" ><div class=\"fusion-builder-row fusion-row fusion-flex-align-items-flex-start fusion-flex-content-wrap\" style=\"max-width:1216.8px;margin-left: calc(-4% \/ 2 );margin-right: calc(-4% \/ 2 );\"><div class=\"fusion-layout-column fusion_builder_column fusion-builder-column-3 fusion_builder_column_1_2 1_2 fusion-flex-column\" style=\"--awb-bg-size:cover;--awb-width-large:50%;--awb-margin-top-large:0px;--awb-spacing-right-large:0%;--awb-margin-bottom-large:0px;--awb-spacing-left-large:0%;--awb-width-medium:100%;--awb-order-medium:0;--awb-spacing-right-medium:1.92%;--awb-spacing-left-medium:1.92%;--awb-width-small:100%;--awb-order-small:0;--awb-spacing-right-small:1.92%;--awb-spacing-left-small:1.92%;\"><div class=\"fusion-column-wrapper fusion-column-has-shadow fusion-flex-justify-content-flex-start fusion-content-layout-column\"><div class=\"fusion-builder-row fusion-builder-row-inner fusion-row fusion-flex-align-items-flex-start fusion-flex-content-wrap\" style=\"width:104% !important;max-width:104% !important;margin-left: calc(-4% \/ 2 );margin-right: calc(-4% \/ 2 );\"><div class=\"fusion-layout-column fusion_builder_column_inner fusion-builder-nested-column-0 fusion_builder_column_inner_1_3 1_3 fusion-flex-column\" style=\"--awb-bg-size:cover;--awb-width-large:33.333333333333%;--awb-margin-top-large:0px;--awb-spacing-right-large:5.76%;--awb-margin-bottom-large:20px;--awb-spacing-left-large:5.76%;--awb-width-medium:100%;--awb-order-medium:0;--awb-spacing-right-medium:1.92%;--awb-spacing-left-medium:1.92%;--awb-width-small:100%;--awb-order-small:0;--awb-spacing-right-small:1.92%;--awb-spacing-left-small:1.92%;\"><div class=\"fusion-column-wrapper fusion-column-has-shadow fusion-flex-justify-content-flex-start fusion-content-layout-column\"><div class=\"fusion-image-element \" style=\"text-align:center;--awb-max-width:90px;--awb-caption-title-font-family:var(--h2_typography-font-family);--awb-caption-title-font-weight:var(--h2_typography-font-weight);--awb-caption-title-font-style:var(--h2_typography-font-style);--awb-caption-title-size:var(--h2_typography-font-size);--awb-caption-title-transform:var(--h2_typography-text-transform);--awb-caption-title-line-height:var(--h2_typography-line-height);--awb-caption-title-letter-spacing:var(--h2_typography-letter-spacing);\"><span class=\" fusion-imageframe imageframe-none imageframe-1 hover-type-none\"><img decoding=\"async\" width=\"132\" height=\"98\" title=\"laboral-2\" src=\"data:image\/svg+xml,%3Csvg%20xmlns%3D%27http%3A%2F%2Fwww.w3.org%2F2000%2Fsvg%27%20width%3D%27132%27%20height%3D%2798%27%20viewBox%3D%270%200%20132%2098%27%3E%3Crect%20width%3D%27132%27%20height%3D%2798%27%20fill-opacity%3D%220%22%2F%3E%3C%2Fsvg%3E\" data-orig-src=\"https:\/\/ricam.compsaonline.cat\/wp-content\/uploads\/2025\/04\/1-laboral-2.png\" alt class=\"lazyload img-responsive wp-image-5692\"\/><\/span><\/div><\/div><\/div><div class=\"fusion-layout-column fusion_builder_column_inner fusion-builder-nested-column-1 fusion_builder_column_inner_2_3 2_3 fusion-flex-column\" style=\"--awb-bg-size:cover;--awb-width-large:66.666666666667%;--awb-margin-top-large:0px;--awb-spacing-right-large:2.88%;--awb-margin-bottom-large:20px;--awb-spacing-left-large:0%;--awb-width-medium:100%;--awb-order-medium:0;--awb-spacing-right-medium:1.92%;--awb-spacing-left-medium:1.92%;--awb-width-small:100%;--awb-order-small:0;--awb-spacing-right-small:1.92%;--awb-spacing-left-small:1.92%;\"><div class=\"fusion-column-wrapper fusion-column-has-shadow fusion-flex-justify-content-flex-start fusion-content-layout-column\"><div class=\"fusion-title title fusion-title-2 fusion-title-text fusion-title-size-two\" style=\"--awb-text-color:var(--awb-color4);--awb-font-size:45px;\"><div class=\"title-sep-container title-sep-container-left fusion-no-large-visibility fusion-no-medium-visibility fusion-no-small-visibility\"><div class=\"title-sep sep- sep-solid\" style=\"border-color:var(--awb-color3);\"><\/div><\/div><span class=\"awb-title-spacer fusion-no-large-visibility fusion-no-medium-visibility fusion-no-small-visibility\"><\/span><h2 class=\"fusion-title-heading title-heading-left fusion-responsive-typography-calculated\" style=\"font-family:&quot;Montserrat&quot;;font-style:normal;font-weight:800;margin:0;font-size:1em;text-transform:none;--fontSize:45;line-height:1.2;\">\u00bfC\u00f3mo podemos ayudarte?<\/h2><span class=\"awb-title-spacer\"><\/span><div class=\"title-sep-container title-sep-container-right\"><div class=\"title-sep sep- sep-solid\" style=\"border-color:var(--awb-color3);\"><\/div><\/div><\/div><\/div><\/div><\/div><\/div><\/div><div class=\"fusion-layout-column fusion_builder_column fusion-builder-column-4 fusion_builder_column_1_2 1_2 fusion-flex-column\" style=\"--awb-bg-size:cover;--awb-width-large:50%;--awb-margin-top-large:0px;--awb-spacing-right-large:3.84%;--awb-margin-bottom-large:0px;--awb-spacing-left-large:3.84%;--awb-width-medium:100%;--awb-order-medium:0;--awb-spacing-right-medium:1.92%;--awb-spacing-left-medium:1.92%;--awb-width-small:100%;--awb-order-small:0;--awb-spacing-right-small:1.92%;--awb-spacing-left-small:1.92%;\"><div class=\"fusion-column-wrapper fusion-column-has-shadow fusion-flex-justify-content-flex-start fusion-content-layout-column\"><div class=\"fusion-text fusion-text-3 fusion-text-no-margin\" style=\"--awb-font-size:14px;--awb-line-height:1.2em;--awb-text-color:var(--awb-color4);--awb-margin-bottom:0px;--awb-text-font-family:&quot;Montserrat&quot;;--awb-text-font-style:normal;--awb-text-font-weight:500;\"><ul>\n<li>Asesoramiento, consultor\u00eda y gesti\u00f3n laboral integral y permanente.<\/li>\n<li>Gestiones ante la Seguridad Social: altas de aut\u00f3nomos\/as, inscripci\u00f3n de empresas, tramitaci\u00f3n de altas, bajas y variaciones de trabajadores\/as, gesti\u00f3n de procesos de incapacidad temporal, solicitud de prestaciones ( jubilaci\u00f3n, nacimiento de menor,&#8230;) y aplazamientos de deudas.<\/li>\n<li>Asesoramiento en materia de contrataci\u00f3n: estudio de la modalidad de contrataci\u00f3n que mejor se adapta a las necesidades de la empresa, estudio de costes salariales, confecci\u00f3n de contratos laborales y redacci\u00f3n de cl\u00e1usulas adicionales, comunicaci\u00f3n de los datos al SEPE,&#8230;<\/li>\n<li>Confecci\u00f3n de n\u00f3minas, c\u00e1lculo de las liquidaciones de las cotizaciones a la Seguridad Social y presentaci\u00f3n mensual del de Conceptos Retributivos Abonados ( CRA).<\/li>\n<li>Presentaci\u00f3n de los modelos trimestrales y resumen anual del pago a cuenta del IRPF.<\/li>\n<li>Gesti\u00f3n de extinciones de contratos: confecci\u00f3n de cartas de despido, c\u00e1lculo de liquidaciones,&#8230;<\/li>\n<li>Redacci\u00f3n de cartas de sanci\u00f3n, acuerdos y pactos de modificaciones de las condiciones laborales.<\/li>\n<li>Intervenci\u00f3n y asistencia a la empresa en actos de conciliaci\u00f3n en materia de despidos y reclamaciones por parte de las personas trabajadoras.<\/li>\n<li>Asistencia y representaci\u00f3n de las empresas ante la Inspecci\u00f3n de Trabajo.<\/li>\n<li>Tramitaci\u00f3n de expedientes de regulaci\u00f3n de empleo.<br \/>\nElaboraci\u00f3n del Registro Salarial anual.<\/li>\n<\/ul>\n<\/div><\/div><\/div><\/div><\/div><div class=\"fusion-fullwidth fullwidth-box fusion-builder-row-5 fusion-flex-container has-pattern-background has-mask-background fusion-parallax-none nonhundred-percent-fullwidth non-hundred-percent-height-scrolling lazyload\" style=\"--awb-background-position:center bottom;--awb-border-radius-top-left:0px;--awb-border-radius-top-right:0px;--awb-border-radius-bottom-right:0px;--awb-border-radius-bottom-left:0px;--awb-padding-top:70px;--awb-padding-bottom:70px;--awb-background-color:#000000;--awb-background-size:cover;--awb-flex-wrap:wrap;\" data-bg=\"https:\/\/ricam.compsaonline.cat\/wp-content\/uploads\/2025\/04\/background-qui-som-assessoria.jpg\" ><div class=\"fusion-builder-row fusion-row fusion-flex-align-items-flex-start fusion-flex-content-wrap\" style=\"max-width:1216.8px;margin-left: calc(-4% \/ 2 );margin-right: calc(-4% \/ 2 );\"><div class=\"fusion-layout-column fusion_builder_column fusion-builder-column-5 fusion_builder_column_1_1 1_1 fusion-flex-column\" style=\"--awb-bg-size:cover;--awb-width-large:100%;--awb-margin-top-large:0px;--awb-spacing-right-large:1.92%;--awb-margin-bottom-large:0px;--awb-spacing-left-large:1.92%;--awb-width-medium:100%;--awb-order-medium:0;--awb-spacing-right-medium:1.92%;--awb-spacing-left-medium:1.92%;--awb-width-small:100%;--awb-order-small:0;--awb-spacing-right-small:1.92%;--awb-spacing-left-small:1.92%;\"><div class=\"fusion-column-wrapper fusion-column-has-shadow fusion-flex-justify-content-flex-start fusion-content-layout-column\"><div class=\"fusion-title title fusion-title-3 fusion-title-center fusion-title-text fusion-title-size-three\" style=\"--awb-text-color:var(--awb-color1);--awb-font-size:57px;\"><div class=\"title-sep-container title-sep-container-left\"><div class=\"title-sep sep- sep-solid\" style=\"border-color:var(--awb-color3);\"><\/div><\/div><span class=\"awb-title-spacer\"><\/span><h3 class=\"fusion-title-heading title-heading-center fusion-responsive-typography-calculated\" style=\"font-family:&quot;Montserrat&quot;;font-style:normal;font-weight:800;margin:0;font-size:1em;text-transform:none;--fontSize:57;line-height:1.1;\">\u00bfEmpezamos?<\/h3><span class=\"awb-title-spacer\"><\/span><div class=\"title-sep-container title-sep-container-right\"><div class=\"title-sep sep- sep-solid\" style=\"border-color:var(--awb-color3);\"><\/div><\/div><\/div><div style=\"text-align:center;\"><a class=\"fusion-button button-flat button-large button-custom fusion-button-default button-1 fusion-button-default-span fusion-button-default-type\" style=\"--button_accent_color:var(--awb-color4);--button_accent_hover_color:var(--awb-color1);--button_border_hover_color:var(--awb-color1);--button_border_width-top:1px;--button_border_width-right:1px;--button_border_width-bottom:1px;--button_border_width-left:1px;--button-border-radius-top-left:30px;--button-border-radius-top-right:30px;--button-border-radius-bottom-right:30px;--button-border-radius-bottom-left:30px;--button_gradient_top_color:var(--awb-color1);--button_gradient_bottom_color:var(--awb-color1);--button_gradient_top_color_hover:rgba(242,242,242,0);--button_gradient_bottom_color_hover:rgba(242,242,242,0);--button_typography-font-family:&quot;Montserrat&quot;;--button_typography-font-style:normal;--button_typography-font-weight:500;\" target=\"_self\" href=\"https:\/\/ricam.compsaonline.cat\/es\/contacto\/\"><span class=\"fusion-button-text\">CONTACTO<\/span><\/a><\/div><\/div><\/div><\/div><\/div><\/p>\n","protected":false},"excerpt":{"rendered":"","protected":false},"author":1,"featured_media":0,"parent":0,"menu_order":0,"comment_status":"closed","ping_status":"closed","template":"100-width.php","meta":{"footnotes":""},"class_list":["post-5753","page","type-page","status-publish","hentry"],"yoast_head":"<!-- This site is optimized with the Yoast SEO plugin v25.0 - https:\/\/yoast.com\/wordpress\/plugins\/seo\/ -->\n<title>Asesor\u00eda Laboral - RICAM ASSOCIATS<\/title>\n<meta name=\"robots\" content=\"noindex, follow, max-snippet:-1, max-image-preview:large, max-video-preview:-1\" \/>\n<meta property=\"og:locale\" content=\"es_ES\" \/>\n<meta property=\"og:type\" content=\"article\" \/>\n<meta property=\"og:title\" content=\"Asesor\u00eda Laboral - RICAM ASSOCIATS\" \/>\n<meta property=\"og:url\" content=\"https:\/\/ricam.compsaonline.cat\/es\/asesoria-laboral\/\" \/>\n<meta property=\"og:site_name\" content=\"RICAM ASSOCIATS\" \/>\n<meta property=\"article:modified_time\" content=\"2025-05-12T08:39:26+00:00\" \/>\n<meta name=\"twitter:card\" content=\"summary_large_image\" \/>\n<meta name=\"twitter:label1\" content=\"Tiempo de lectura\" \/>\n\t<meta name=\"twitter:data1\" content=\"2 minutos\" \/>\n<script type=\"application\/ld+json\" class=\"yoast-schema-graph\">{\"@context\":\"https:\/\/schema.org\",\"@graph\":[{\"@type\":\"WebPage\",\"@id\":\"https:\/\/ricam.compsaonline.cat\/es\/asesoria-laboral\/\",\"url\":\"https:\/\/ricam.compsaonline.cat\/es\/asesoria-laboral\/\",\"name\":\"Asesor\u00eda Laboral - RICAM ASSOCIATS\",\"isPartOf\":{\"@id\":\"https:\/\/ricam.compsaonline.cat\/es\/#website\"},\"datePublished\":\"2025-05-02T10:13:45+00:00\",\"dateModified\":\"2025-05-12T08:39:26+00:00\",\"breadcrumb\":{\"@id\":\"https:\/\/ricam.compsaonline.cat\/es\/asesoria-laboral\/#breadcrumb\"},\"inLanguage\":\"es\",\"potentialAction\":[{\"@type\":\"ReadAction\",\"target\":[\"https:\/\/ricam.compsaonline.cat\/es\/asesoria-laboral\/\"]}]},{\"@type\":\"BreadcrumbList\",\"@id\":\"https:\/\/ricam.compsaonline.cat\/es\/asesoria-laboral\/#breadcrumb\",\"itemListElement\":[{\"@type\":\"ListItem\",\"position\":1,\"name\":\"Inici\",\"item\":\"https:\/\/ricam.compsaonline.cat\/es\/\"},{\"@type\":\"ListItem\",\"position\":2,\"name\":\"Asesor\u00eda Laboral\"}]},{\"@type\":\"WebSite\",\"@id\":\"https:\/\/ricam.compsaonline.cat\/es\/#website\",\"url\":\"https:\/\/ricam.compsaonline.cat\/es\/\",\"name\":\"RICAM ASSOCIATS\",\"description\":\"Si tens una idea de negoci, estem aqu\u00ed per ajudar-te a fer-la realitat. Vetllem pels teus interessos i t&#039;acompanyem en cada pas, facilitant-te el cam\u00ed i ajudant-te en els tr\u00e0mits administratius.\",\"potentialAction\":[{\"@type\":\"SearchAction\",\"target\":{\"@type\":\"EntryPoint\",\"urlTemplate\":\"https:\/\/ricam.compsaonline.cat\/es\/?s={search_term_string}\"},\"query-input\":{\"@type\":\"PropertyValueSpecification\",\"valueRequired\":true,\"valueName\":\"search_term_string\"}}],\"inLanguage\":\"es\"}]}<\/script>\n<!-- \/ Yoast SEO plugin. -->","yoast_head_json":{"title":"Asesor\u00eda Laboral - RICAM ASSOCIATS","robots":{"index":"noindex","follow":"follow","max-snippet":"max-snippet:-1","max-image-preview":"max-image-preview:large","max-video-preview":"max-video-preview:-1"},"og_locale":"es_ES","og_type":"article","og_title":"Asesor\u00eda Laboral - RICAM ASSOCIATS","og_url":"https:\/\/ricam.compsaonline.cat\/es\/asesoria-laboral\/","og_site_name":"RICAM ASSOCIATS","article_modified_time":"2025-05-12T08:39:26+00:00","twitter_card":"summary_large_image","twitter_misc":{"Tiempo de lectura":"2 minutos"},"schema":{"@context":"https:\/\/schema.org","@graph":[{"@type":"WebPage","@id":"https:\/\/ricam.compsaonline.cat\/es\/asesoria-laboral\/","url":"https:\/\/ricam.compsaonline.cat\/es\/asesoria-laboral\/","name":"Asesor\u00eda Laboral - RICAM ASSOCIATS","isPartOf":{"@id":"https:\/\/ricam.compsaonline.cat\/es\/#website"},"datePublished":"2025-05-02T10:13:45+00:00","dateModified":"2025-05-12T08:39:26+00:00","breadcrumb":{"@id":"https:\/\/ricam.compsaonline.cat\/es\/asesoria-laboral\/#breadcrumb"},"inLanguage":"es","potentialAction":[{"@type":"ReadAction","target":["https:\/\/ricam.compsaonline.cat\/es\/asesoria-laboral\/"]}]},{"@type":"BreadcrumbList","@id":"https:\/\/ricam.compsaonline.cat\/es\/asesoria-laboral\/#breadcrumb","itemListElement":[{"@type":"ListItem","position":1,"name":"Inici","item":"https:\/\/ricam.compsaonline.cat\/es\/"},{"@type":"ListItem","position":2,"name":"Asesor\u00eda Laboral"}]},{"@type":"WebSite","@id":"https:\/\/ricam.compsaonline.cat\/es\/#website","url":"https:\/\/ricam.compsaonline.cat\/es\/","name":"RICAM ASSOCIATS","description":"Si tens una idea de negoci, estem aqu\u00ed per ajudar-te a fer-la realitat. Vetllem pels teus interessos i t&#039;acompanyem en cada pas, facilitant-te el cam\u00ed i ajudant-te en els tr\u00e0mits administratius.","potentialAction":[{"@type":"SearchAction","target":{"@type":"EntryPoint","urlTemplate":"https:\/\/ricam.compsaonline.cat\/es\/?s={search_term_string}"},"query-input":{"@type":"PropertyValueSpecification","valueRequired":true,"valueName":"search_term_string"}}],"inLanguage":"es"}]}},"_links":{"self":[{"href":"https:\/\/ricam.compsaonline.cat\/es\/wp-json\/wp\/v2\/pages\/5753","targetHints":{"allow":["GET"]}}],"collection":[{"href":"https:\/\/ricam.compsaonline.cat\/es\/wp-json\/wp\/v2\/pages"}],"about":[{"href":"https:\/\/ricam.compsaonline.cat\/es\/wp-json\/wp\/v2\/types\/page"}],"author":[{"embeddable":true,"href":"https:\/\/ricam.compsaonline.cat\/es\/wp-json\/wp\/v2\/users\/1"}],"replies":[{"embeddable":true,"href":"https:\/\/ricam.compsaonline.cat\/es\/wp-json\/wp\/v2\/comments?post=5753"}],"version-history":[{"count":4,"href":"https:\/\/ricam.compsaonline.cat\/es\/wp-json\/wp\/v2\/pages\/5753\/revisions"}],"predecessor-version":[{"id":5936,"href":"https:\/\/ricam.compsaonline.cat\/es\/wp-json\/wp\/v2\/pages\/5753\/revisions\/5936"}],"wp:attachment":[{"href":"https:\/\/ricam.compsaonline.cat\/es\/wp-json\/wp\/v2\/media?parent=5753"}],"curies":[{"name":"wp","href":"https:\/\/api.w.org\/{rel}","templated":true}]}}