{"id":5807,"date":"2025-05-08T18:04:27","date_gmt":"2025-05-08T16:04:27","guid":{"rendered":"https:\/\/ricam.compsaonline.cat\/condicions-us\/"},"modified":"2025-05-08T18:19:25","modified_gmt":"2025-05-08T16:19:25","slug":"condiciones-uso","status":"publish","type":"page","link":"https:\/\/ricam.compsaonline.cat\/es\/condiciones-uso\/","title":{"rendered":"Condiciones de uso"},"content":{"rendered":"<p><div class=\"fusion-fullwidth fullwidth-box fusion-builder-row-1 fusion-flex-container has-pattern-background has-mask-background fusion-parallax-none nonhundred-percent-fullwidth non-hundred-percent-height-scrolling lazyload\" style=\"--awb-border-radius-top-left:0px;--awb-border-radius-top-right:0px;--awb-border-radius-bottom-right:0px;--awb-border-radius-bottom-left:0px;--awb-padding-top:70px;--awb-padding-right:0px;--awb-padding-bottom:70px;--awb-padding-left:0px;--awb-padding-bottom-small:124px;--awb-padding-left-small:28px;--awb-margin-top:0px;--awb-margin-bottom:0px;--awb-background-image:radial-gradient(circle at left center, rgba(17,33,45,0.85) 0%,rgba(255,255,255,0) 50%);;--awb-background-size:cover;--awb-flex-wrap:wrap;\" data-bg=\"https:\/\/ricam.compsaonline.cat\/wp-content\/uploads\/2025\/05\/header-actualitat.jpg\" data-bg-gradient=\"radial-gradient(circle at left center, rgba(17,33,45,0.85) 0%,rgba(255,255,255,0) 50%)\" ><div class=\"fusion-builder-row fusion-row fusion-flex-align-items-center fusion-flex-content-wrap\" style=\"max-width:1216.8px;margin-left: calc(-4% \/ 2 );margin-right: calc(-4% \/ 2 );\"><div class=\"fusion-layout-column fusion_builder_column fusion-builder-column-0 fusion_builder_column_1_2 1_2 fusion-flex-column\" style=\"--awb-bg-size:cover;--awb-width-large:50%;--awb-margin-top-large:0px;--awb-spacing-right-large:3.84%;--awb-margin-bottom-large:0px;--awb-spacing-left-large:3.84%;--awb-width-medium:100%;--awb-order-medium:0;--awb-spacing-right-medium:1.92%;--awb-spacing-left-medium:1.92%;--awb-width-small:100%;--awb-order-small:0;--awb-spacing-right-small:1.92%;--awb-margin-bottom-small:0px;--awb-spacing-left-small:1.92%;\"><div class=\"fusion-column-wrapper fusion-column-has-shadow fusion-flex-justify-content-flex-start fusion-content-layout-column\"><div class=\"fusion-title title fusion-title-1 fusion-title-text fusion-title-size-one\" style=\"--awb-text-color:var(--awb-color1);--awb-margin-bottom:0px;--awb-font-size:57px;\"><div class=\"title-sep-container title-sep-container-left fusion-no-large-visibility fusion-no-medium-visibility fusion-no-small-visibility\"><div class=\"title-sep sep- sep-solid\" style=\"border-color:var(--awb-color3);\"><\/div><\/div><span class=\"awb-title-spacer fusion-no-large-visibility fusion-no-medium-visibility fusion-no-small-visibility\"><\/span><h1 class=\"fusion-title-heading title-heading-left fusion-responsive-typography-calculated\" style=\"font-family:&quot;Montserrat&quot;;font-style:normal;font-weight:700;margin:0;font-size:1em;text-transform:none;--fontSize:57;line-height:1;\"><p>Condiciones de uso<\/p>\n<div id=\"gtx-trans\" style=\"position: absolute; left: -28px; top: 38px;\">\n<div class=\"gtx-trans-icon\"><\/div>\n<\/div><\/h1><span class=\"awb-title-spacer\"><\/span><div class=\"title-sep-container title-sep-container-right\"><div class=\"title-sep sep- sep-solid\" style=\"border-color:var(--awb-color3);\"><\/div><\/div><\/div><\/div><\/div><\/div><\/div><div class=\"fusion-fullwidth fullwidth-box fusion-builder-row-2 fusion-flex-container has-pattern-background has-mask-background nonhundred-percent-fullwidth non-hundred-percent-height-scrolling\" style=\"--awb-border-radius-top-left:0px;--awb-border-radius-top-right:0px;--awb-border-radius-bottom-right:0px;--awb-border-radius-bottom-left:0px;--awb-padding-top:70px;--awb-padding-right:0px;--awb-padding-bottom:70px;--awb-padding-left:0px;--awb-padding-right-small:30px;--awb-padding-left-small:30px;--awb-margin-top:0px;--awb-background-color:#ffffff;--awb-flex-wrap:wrap;\" ><div class=\"fusion-builder-row fusion-row fusion-flex-align-items-flex-start fusion-flex-content-wrap\" style=\"max-width:1216.8px;margin-left: calc(-4% \/ 2 );margin-right: calc(-4% \/ 2 );\"><div class=\"fusion-layout-column fusion_builder_column fusion-builder-column-1 fusion_builder_column_1_1 1_1 fusion-flex-column\" style=\"--awb-bg-size:cover;--awb-width-large:100%;--awb-margin-top-large:0px;--awb-spacing-right-large:1.92%;--awb-margin-bottom-large:0px;--awb-spacing-left-large:1.92%;--awb-width-medium:100%;--awb-order-medium:0;--awb-spacing-right-medium:1.92%;--awb-spacing-left-medium:1.92%;--awb-width-small:100%;--awb-order-small:0;--awb-spacing-right-small:1.92%;--awb-spacing-left-small:1.92%;\"><div class=\"fusion-column-wrapper fusion-column-has-shadow fusion-flex-justify-content-flex-start fusion-content-layout-column\"><div class=\"fusion-text fusion-text-1\" style=\"--awb-font-size:14px;--awb-text-color:var(--awb-color4);\"><p>En cumplimiento de la Ley 34\/2002, de 11 de julio, de Servicios de la Sociedad de la Informaci\u00f3n y de Comercio Electr\u00f3nico (LSSI-CE), RICAM ASSOCIATS 2022 S.L. informa que es titular del sitio web www.ricam.cat De acuerdo con la exigencia del art\u00edculo 10 de la citada Ley, RICAM ASSOCIATS 2022 S.L. informa de los siguientes datos:<\/p>\n<p>El titular de este sitio web es RICAM ASSOCIATS 2022 S.L. con cono CIF B-09965013 y domicilio en C. Montserrat, 23 pral 1\u00aa \u00b7 08302 Matar\u00f3 (Barcelona), inscrita en el Registro Mercantil, en el tomo 43073, folio 27, hoja 420792 e inscripci\u00f3n 1. La direcci\u00f3n de correo electr\u00f3nico de contacto con la empresa es:\u00a0<a href=\"mailto:info@ricam.cat\">info@ricam.cat\u00a0<\/a>.<\/p>\n<h2>USUARIO Y R\u00c9GIMEN DE RESPONSABILIDADES<\/h2>\n<p>La navegaci\u00f3n, acceso y uso por el sitio web de RICAM ASSOCIATS 2022 S.L. confiere la condici\u00f3n de usuario, por la que se aceptan, desde la navegaci\u00f3n por el sitio web de RICAM ASSOCIATS 2022 S.L. , todas las condiciones de uso aqu\u00ed establecidas sin perjuicio de la aplicaci\u00f3n de la correspondiente normativa de obligado cumplimiento legal seg\u00fan el caso.<\/p>\n<p>El sitio web de RICAM ASSOCIATS 2022 S.L. proporciona gran diversidad de informaci\u00f3n, servicios y datos. El usuario asume su responsabilidad en el correcto uso del sitio web. Esta responsabilidad se extender\u00e1 a:<\/p>\n<p>La veracidad y licitud de las informaciones aportadas por el usuario en los formularios extendidos por RICAM ASSOCIATS 2022 S.L. para el acceso a ciertos contenidos o servicios ofrecidos por la web.<\/p>\n<p>El uso de la informaci\u00f3n, servicios y datos ofrecidos por RICAM ASSOCIATS 2022 S.L. contrariamente a lo dispuesto por las presentes condiciones, la Ley, la moral, las buenas costumbres o el orden p\u00fablico, o que de cualquier otra forma puedan suponer lesi\u00f3n de los derechos de terceros o del propio funcionamiento del sitio web.<\/p>\n<h2>POL\u00cdTICA DE ENLACES Y EXENCIONES DE RESPONSABILIDAD<\/h2>\n<p>RICAM ASOCIADOS 2022 S.L. no se hace responsable del contenido de los sitios web a los que el usuario pueda acceder a trav\u00e9s de los enlaces establecidos en su sitio web y declara que en ning\u00fan caso proceder\u00e1 a examinar o ejercitar ning\u00fan tipo de control sobre el contenido de otros sitios de la red. Asimismo, tampoco garantizar\u00e1 la disponibilidad t\u00e9cnica, exactitud, veracidad, validez o legalidad de sitios ajenos a su propiedad a los que se pueda acceder mediante los enlaces.<\/p>\n<p>RICAM ASOCIADOS 2022 S.L. declara haber adoptado todas las medidas necesarias para evitar cualesquiera da\u00f1os a los usuarios de su sitio web, que pudieran derivarse de la navegaci\u00f3n por su sitio web. En consecuencia, RICAM ASOCIADOS 2022 S.L. no se hace responsable, en ning\u00fan caso, de los eventuales da\u00f1os que por la navegaci\u00f3n por Internet pudiera sufrir el usuario.<\/p>\n<h2>MODIFICACIONES<\/h2>\n<p>RICAM ASOCIADOS 2022 S.L. se reserva el derecho a realizar las modificaciones que considere oportunas, sin previo aviso, en el contenido de su sitio web. Tanto en lo referente a los contenidos del sitio web, como en las condiciones de uso del mismo. Estas modificaciones podr\u00e1n realizarse a trav\u00e9s de su sitio web por cualquier forma admisible en derecho y ser\u00e1n de obligado cumplimiento durante el tiempo en que se encuentren publicadas en la web y hasta que no sean modificadas v\u00e1lidamente por otras posteriores.<\/p>\n<p>RICAM ASOCIADOS 2022 S.L. se reserva el derecho a realizar las modificaciones que considere oportunas, sin previo aviso, en el contenido de su sitio web. Tanto en lo referente a los contenidos del sitio web, como en las condiciones de uso del mismo, o en las condiciones generales de contrataci\u00f3n. Estas modificaciones podr\u00e1n realizarse a trav\u00e9s de su sitio web por cualquier forma admisible en derecho y ser\u00e1n de obligado cumplimiento durante el tiempo en que se encuentren publicadas en la web y hasta que no sean modificadas v\u00e1lidamente por otras posteriores.<\/p>\n<h2>PROTECCI\u00d3N DE DADES<\/h2>\n<p>De conformidad con lo que establece la normativa vigente en materia de Protecci\u00f3n de Datos de Car\u00e1cter Personal, RICAM ASSOCIATS 2022 S.L. informa a los usuarios de su sitio web que los datos personales recabados por la empresa, mediante los formularios situados en sus p\u00e1ginas, ser\u00e1n introducidos en un fichero automatizado bajo la responsabilidad de RICAM ASSOCIATS 2022 SL, con el fin de poder facilitar, agilizar y cumplir los compromisos establecidos entre ambas partes.<\/p>\n<p>Asimismo, RICAM ASSOCIATS 2022 S.L. informa de la posibilidad de ejercer los derechos de acceso, rectificaci\u00f3n, cancelaci\u00f3n y oposici\u00f3n mediante escrito a la direcci\u00f3n: C. Montserrat, 23 pral 1\u00aa \u00b7 08302 Matar\u00f3 (Barcelona).<\/p>\n<p>Mientras el usuario no comunique lo contrario a RICAM ASSOCIATS 2022 S.L., \u00e9sta entender\u00e1 que sus datos no han sido modificados, que el usuario se compromete a notificar a RICAM ASSOCIATS 2022 S.L. cualquier variaci\u00f3n y que RICAM ASSOCIATS 2022 S.L. tiene el consentimiento para utilizarlos a fin de poder fidelizar la relaci\u00f3n entre las partes.<\/p>\n<p>Asimismo, RICAM ASOCIADOS 2022 S.L. informa que las datos introducidas en los formularios de la website www.ricam.cat ser\u00e1 responsable de las datos y ser\u00e1 la misma quien deber\u00e1 adoptar las medidas t\u00e9cnicas y organizativas necesarias, seg\u00fan el nivel de seguridad de las datos recabadas, establecidas en la normativa vigente en materia de protecci\u00f3n de datos, que garantizan la seguridad de las datos de car\u00e1cter personal y evitar su alteraci\u00f3n, p\u00e9rdida, tratamiento o acceso no autorizado.<\/p>\n<p>Podr\u00e1 dirigirse a la Autoridad de Control competente para presentar la reclamaci\u00f3n que considere oportuna.<\/p>\n<h2>PROPIETAT INTEL\u00b7LECTUAL I INDUSTRIAL<\/h2>\n<p>Todos los derechos reservados. En virtud de lo dispuesto en los art\u00edculos 8 y 32.1, p\u00e1rrafo segundo, de la Ley de Propiedad Intelectual, quedan expresamente prohibidas la reproducci\u00f3n, distribuci\u00f3n y comunicaci\u00f3n p\u00fablica, incluida su modalidad de puesta a disposici\u00f3n, de la totalidad o parte de los contenidos de esta p\u00e1gina web, con fines comerciales, en cualquier soporte y por cualquier medio t\u00e9cnico, sin la autorizaci\u00f3n de RICAM ASSOCIATS 2022 SL<\/p>\n<p>Todos los derechos reservados. En virtud de lo dispuesto en los art\u00edculos 8 y 32.1, p\u00e1rrafo segundo, de la Ley de Propiedad Intelectual, quedan expresamente prohibidas la reproducci\u00f3n, distribuci\u00f3n y comunicaci\u00f3n p\u00fablica, incluida su modalidad de puesta a disposici\u00f3n, de la totalidad o parte de los contenidos de esta p\u00e1gina web, con fines comerciales, en cualquier soporte y por cualquier medio t\u00e9cnico, sin la autorizaci\u00f3n de RICAM ASSOCIATS 2022 SL<\/p>\n<p>El usuario se compromete a respetar los derechos de Propiedad Intelectual e Industrial titularidad de RICAM ASSOCIATS 2022 S.L. Podr\u00e1 visualizar los elementos del portal e incluso imprimirlos, copiarlos y almacenarlos en el disco duro de su ordenador o en cualquier otro soporte f\u00edsico siempre que sea, \u00fanica y exclusivamente, para su uso personal y privado. El usuario deber\u00e1 abstenerse de suprimir, alterar, eludir o manipular cualquier dispositivo de protecci\u00f3n o sistema de seguridad que estuviera instalado en las p\u00e1ginas de RICAM ASSOCIATS 2022 S.L.<\/p>\n<h2>ACCIONS LEGALS, LEGISLACI\u00d3 APLICABLE I JURISDICCI\u00d3<\/h2>\n<p>RICAM ASOCIADOS 2022 S.L. se reserva, asimismo, la facultad de presentar las acciones civiles o penales que considere oportunas por la utilizaci\u00f3n indebida de su sitio web y contenidos, o por el incumplimiento de las presentes condiciones.<\/p>\n<p>La relaci\u00f3n entre el usuario y el prestamista se regir\u00e1 por la normativa vigente y de aplicaci\u00f3n en territorio espa\u00f1ol. De surgir cualquier controversia las partes podr\u00e1n someter sus conflictos a arbitraje o acudir a la jurisdicci\u00f3n ordinaria cumpliendo con las normas sobre jurisdicci\u00f3n y competencia al respecto. RICAM ASOCIADOS 2022 S.L. tiene su domicilio en Matar\u00f3, Espa\u00f1a.<\/p>\n<\/div><\/div><\/div><\/div><\/div><\/p>\n","protected":false},"excerpt":{"rendered":"","protected":false},"author":1,"featured_media":0,"parent":0,"menu_order":0,"comment_status":"closed","ping_status":"closed","template":"100-width.php","meta":{"footnotes":""},"class_list":["post-5807","page","type-page","status-publish","hentry"],"yoast_head":"<!-- This site is optimized with the Yoast SEO plugin v25.0 - https:\/\/yoast.com\/wordpress\/plugins\/seo\/ -->\n<title>Condiciones de uso - RICAM ASSOCIATS<\/title>\n<meta name=\"robots\" content=\"noindex, follow, max-snippet:-1, max-image-preview:large, max-video-preview:-1\" \/>\n<meta property=\"og:locale\" content=\"es_ES\" \/>\n<meta property=\"og:type\" content=\"article\" \/>\n<meta property=\"og:title\" content=\"Condiciones de uso - RICAM ASSOCIATS\" \/>\n<meta property=\"og:url\" content=\"https:\/\/ricam.compsaonline.cat\/es\/condiciones-uso\/\" \/>\n<meta property=\"og:site_name\" content=\"RICAM ASSOCIATS\" \/>\n<meta property=\"article:modified_time\" content=\"2025-05-08T16:19:25+00:00\" \/>\n<meta name=\"twitter:card\" content=\"summary_large_image\" \/>\n<meta name=\"twitter:label1\" content=\"Tiempo de lectura\" \/>\n\t<meta name=\"twitter:data1\" content=\"7 minutos\" \/>\n<script type=\"application\/ld+json\" class=\"yoast-schema-graph\">{\"@context\":\"https:\/\/schema.org\",\"@graph\":[{\"@type\":\"WebPage\",\"@id\":\"https:\/\/ricam.compsaonline.cat\/es\/condiciones-uso\/\",\"url\":\"https:\/\/ricam.compsaonline.cat\/es\/condiciones-uso\/\",\"name\":\"Condiciones de uso - RICAM ASSOCIATS\",\"isPartOf\":{\"@id\":\"https:\/\/ricam.compsaonline.cat\/es\/#website\"},\"datePublished\":\"2025-05-08T16:04:27+00:00\",\"dateModified\":\"2025-05-08T16:19:25+00:00\",\"breadcrumb\":{\"@id\":\"https:\/\/ricam.compsaonline.cat\/es\/condiciones-uso\/#breadcrumb\"},\"inLanguage\":\"es\",\"potentialAction\":[{\"@type\":\"ReadAction\",\"target\":[\"https:\/\/ricam.compsaonline.cat\/es\/condiciones-uso\/\"]}]},{\"@type\":\"BreadcrumbList\",\"@id\":\"https:\/\/ricam.compsaonline.cat\/es\/condiciones-uso\/#breadcrumb\",\"itemListElement\":[{\"@type\":\"ListItem\",\"position\":1,\"name\":\"Inici\",\"item\":\"https:\/\/ricam.compsaonline.cat\/es\/\"},{\"@type\":\"ListItem\",\"position\":2,\"name\":\"Condiciones de uso\"}]},{\"@type\":\"WebSite\",\"@id\":\"https:\/\/ricam.compsaonline.cat\/es\/#website\",\"url\":\"https:\/\/ricam.compsaonline.cat\/es\/\",\"name\":\"RICAM ASSOCIATS\",\"description\":\"Si tens una idea de negoci, estem aqu\u00ed per ajudar-te a fer-la realitat. Vetllem pels teus interessos i t&#039;acompanyem en cada pas, facilitant-te el cam\u00ed i ajudant-te en els tr\u00e0mits administratius.\",\"potentialAction\":[{\"@type\":\"SearchAction\",\"target\":{\"@type\":\"EntryPoint\",\"urlTemplate\":\"https:\/\/ricam.compsaonline.cat\/es\/?s={search_term_string}\"},\"query-input\":{\"@type\":\"PropertyValueSpecification\",\"valueRequired\":true,\"valueName\":\"search_term_string\"}}],\"inLanguage\":\"es\"}]}<\/script>\n<!-- \/ Yoast SEO plugin. -->","yoast_head_json":{"title":"Condiciones de uso - RICAM ASSOCIATS","robots":{"index":"noindex","follow":"follow","max-snippet":"max-snippet:-1","max-image-preview":"max-image-preview:large","max-video-preview":"max-video-preview:-1"},"og_locale":"es_ES","og_type":"article","og_title":"Condiciones de uso - RICAM ASSOCIATS","og_url":"https:\/\/ricam.compsaonline.cat\/es\/condiciones-uso\/","og_site_name":"RICAM ASSOCIATS","article_modified_time":"2025-05-08T16:19:25+00:00","twitter_card":"summary_large_image","twitter_misc":{"Tiempo de lectura":"7 minutos"},"schema":{"@context":"https:\/\/schema.org","@graph":[{"@type":"WebPage","@id":"https:\/\/ricam.compsaonline.cat\/es\/condiciones-uso\/","url":"https:\/\/ricam.compsaonline.cat\/es\/condiciones-uso\/","name":"Condiciones de uso - RICAM ASSOCIATS","isPartOf":{"@id":"https:\/\/ricam.compsaonline.cat\/es\/#website"},"datePublished":"2025-05-08T16:04:27+00:00","dateModified":"2025-05-08T16:19:25+00:00","breadcrumb":{"@id":"https:\/\/ricam.compsaonline.cat\/es\/condiciones-uso\/#breadcrumb"},"inLanguage":"es","potentialAction":[{"@type":"ReadAction","target":["https:\/\/ricam.compsaonline.cat\/es\/condiciones-uso\/"]}]},{"@type":"BreadcrumbList","@id":"https:\/\/ricam.compsaonline.cat\/es\/condiciones-uso\/#breadcrumb","itemListElement":[{"@type":"ListItem","position":1,"name":"Inici","item":"https:\/\/ricam.compsaonline.cat\/es\/"},{"@type":"ListItem","position":2,"name":"Condiciones de uso"}]},{"@type":"WebSite","@id":"https:\/\/ricam.compsaonline.cat\/es\/#website","url":"https:\/\/ricam.compsaonline.cat\/es\/","name":"RICAM ASSOCIATS","description":"Si tens una idea de negoci, estem aqu\u00ed per ajudar-te a fer-la realitat. Vetllem pels teus interessos i t&#039;acompanyem en cada pas, facilitant-te el cam\u00ed i ajudant-te en els tr\u00e0mits administratius.","potentialAction":[{"@type":"SearchAction","target":{"@type":"EntryPoint","urlTemplate":"https:\/\/ricam.compsaonline.cat\/es\/?s={search_term_string}"},"query-input":{"@type":"PropertyValueSpecification","valueRequired":true,"valueName":"search_term_string"}}],"inLanguage":"es"}]}},"_links":{"self":[{"href":"https:\/\/ricam.compsaonline.cat\/es\/wp-json\/wp\/v2\/pages\/5807","targetHints":{"allow":["GET"]}}],"collection":[{"href":"https:\/\/ricam.compsaonline.cat\/es\/wp-json\/wp\/v2\/pages"}],"about":[{"href":"https:\/\/ricam.compsaonline.cat\/es\/wp-json\/wp\/v2\/types\/page"}],"author":[{"embeddable":true,"href":"https:\/\/ricam.compsaonline.cat\/es\/wp-json\/wp\/v2\/users\/1"}],"replies":[{"embeddable":true,"href":"https:\/\/ricam.compsaonline.cat\/es\/wp-json\/wp\/v2\/comments?post=5807"}],"version-history":[{"count":2,"href":"https:\/\/ricam.compsaonline.cat\/es\/wp-json\/wp\/v2\/pages\/5807\/revisions"}],"predecessor-version":[{"id":5809,"href":"https:\/\/ricam.compsaonline.cat\/es\/wp-json\/wp\/v2\/pages\/5807\/revisions\/5809"}],"wp:attachment":[{"href":"https:\/\/ricam.compsaonline.cat\/es\/wp-json\/wp\/v2\/media?parent=5807"}],"curies":[{"name":"wp","href":"https:\/\/api.w.org\/{rel}","templated":true}]}}