{"id":5839,"date":"2025-05-09T10:31:28","date_gmt":"2025-05-09T08:31:28","guid":{"rendered":"https:\/\/ricam.compsaonline.cat\/politica-cookies\/"},"modified":"2025-05-09T11:51:52","modified_gmt":"2025-05-09T09:51:52","slug":"politica-cookies","status":"publish","type":"page","link":"https:\/\/ricam.compsaonline.cat\/es\/politica-cookies\/","title":{"rendered":"Pol\u00edtica de Cookies"},"content":{"rendered":"<p><div class=\"fusion-fullwidth fullwidth-box fusion-builder-row-1 fusion-flex-container has-pattern-background has-mask-background fusion-parallax-none nonhundred-percent-fullwidth non-hundred-percent-height-scrolling lazyload\" style=\"--awb-border-radius-top-left:0px;--awb-border-radius-top-right:0px;--awb-border-radius-bottom-right:0px;--awb-border-radius-bottom-left:0px;--awb-padding-top:70px;--awb-padding-right:0px;--awb-padding-bottom:70px;--awb-padding-left:0px;--awb-padding-bottom-small:124px;--awb-padding-left-small:28px;--awb-margin-top:0px;--awb-margin-bottom:0px;--awb-background-image:radial-gradient(circle at left center, rgba(17,33,45,0.85) 0%,rgba(255,255,255,0) 50%);;--awb-background-size:cover;--awb-flex-wrap:wrap;\" data-bg=\"https:\/\/ricam.compsaonline.cat\/wp-content\/uploads\/2025\/05\/header-actualitat.jpg\" data-bg-gradient=\"radial-gradient(circle at left center, rgba(17,33,45,0.85) 0%,rgba(255,255,255,0) 50%)\" ><div class=\"fusion-builder-row fusion-row fusion-flex-align-items-center fusion-flex-content-wrap\" style=\"max-width:1216.8px;margin-left: calc(-4% \/ 2 );margin-right: calc(-4% \/ 2 );\"><div class=\"fusion-layout-column fusion_builder_column fusion-builder-column-0 fusion_builder_column_1_2 1_2 fusion-flex-column\" style=\"--awb-bg-size:cover;--awb-width-large:50%;--awb-margin-top-large:0px;--awb-spacing-right-large:3.84%;--awb-margin-bottom-large:0px;--awb-spacing-left-large:3.84%;--awb-width-medium:100%;--awb-order-medium:0;--awb-spacing-right-medium:1.92%;--awb-spacing-left-medium:1.92%;--awb-width-small:100%;--awb-order-small:0;--awb-spacing-right-small:1.92%;--awb-margin-bottom-small:0px;--awb-spacing-left-small:1.92%;\"><div class=\"fusion-column-wrapper fusion-column-has-shadow fusion-flex-justify-content-flex-start fusion-content-layout-column\"><div class=\"fusion-title title fusion-title-1 fusion-title-text fusion-title-size-one\" style=\"--awb-text-color:var(--awb-color1);--awb-margin-bottom:0px;--awb-font-size:57px;\"><div class=\"title-sep-container title-sep-container-left fusion-no-large-visibility fusion-no-medium-visibility fusion-no-small-visibility\"><div class=\"title-sep sep- sep-solid\" style=\"border-color:var(--awb-color3);\"><\/div><\/div><span class=\"awb-title-spacer fusion-no-large-visibility fusion-no-medium-visibility fusion-no-small-visibility\"><\/span><h1 class=\"fusion-title-heading title-heading-left fusion-responsive-typography-calculated\" style=\"font-family:&quot;Montserrat&quot;;font-style:normal;font-weight:700;margin:0;font-size:1em;text-transform:none;--fontSize:57;line-height:1;\"><p>Pol\u00edtica de Cookies<\/p>\n<div id=\"gtx-trans\" style=\"position: absolute; left: -52px; top: -10px;\">\n<div class=\"gtx-trans-icon\"><\/div>\n<\/div><\/h1><span class=\"awb-title-spacer\"><\/span><div class=\"title-sep-container title-sep-container-right\"><div class=\"title-sep sep- sep-solid\" style=\"border-color:var(--awb-color3);\"><\/div><\/div><\/div><\/div><\/div><\/div><\/div><div class=\"fusion-fullwidth fullwidth-box fusion-builder-row-2 fusion-flex-container has-pattern-background has-mask-background nonhundred-percent-fullwidth non-hundred-percent-height-scrolling\" style=\"--awb-border-radius-top-left:0px;--awb-border-radius-top-right:0px;--awb-border-radius-bottom-right:0px;--awb-border-radius-bottom-left:0px;--awb-padding-top:70px;--awb-padding-right:0px;--awb-padding-bottom:70px;--awb-padding-left:0px;--awb-padding-right-small:30px;--awb-padding-left-small:30px;--awb-margin-top:0px;--awb-background-color:#ffffff;--awb-flex-wrap:wrap;\" ><div class=\"fusion-builder-row fusion-row fusion-flex-align-items-flex-start fusion-flex-content-wrap\" style=\"max-width:1216.8px;margin-left: calc(-4% \/ 2 );margin-right: calc(-4% \/ 2 );\"><div class=\"fusion-layout-column fusion_builder_column fusion-builder-column-1 fusion_builder_column_1_1 1_1 fusion-flex-column\" style=\"--awb-bg-size:cover;--awb-width-large:100%;--awb-margin-top-large:0px;--awb-spacing-right-large:1.92%;--awb-margin-bottom-large:0px;--awb-spacing-left-large:1.92%;--awb-width-medium:100%;--awb-order-medium:0;--awb-spacing-right-medium:1.92%;--awb-spacing-left-medium:1.92%;--awb-width-small:100%;--awb-order-small:0;--awb-spacing-right-small:1.92%;--awb-spacing-left-small:1.92%;\"><div class=\"fusion-column-wrapper fusion-column-has-shadow fusion-flex-justify-content-flex-start fusion-content-layout-column\"><div class=\"fusion-text fusion-text-1\" style=\"--awb-font-size:14px;--awb-text-color:var(--awb-color4);--awb-text-font-family:&quot;Montserrat&quot;;--awb-text-font-style:normal;--awb-text-font-weight:400;\"><p><strong>Ricam SL (en adelante Ricam)\u00a0\u00a0<\/strong><strong>ha desarrollado esta pol\u00edtica para informarle de qu\u00e9 es una cookie, cu\u00e1les utilizamos en esta web y ayudarle a poder gestionarlas seg\u00fan sea de su inter\u00e9s.<\/strong><\/p>\n<p>Con su visita a nuestra web est\u00e1 siendo informado de la existencia de cookies y de la presente pol\u00edtica de cookies. Con su registro en la web y\/o la mera navegaci\u00f3n\u00a0\u00a0<u>est\u00e1 consintiendo la instalaci\u00f3n de las cookies<\/u>\u00a0 informadas (a menos que haya modificado la configuraci\u00f3n de su navegador para rechazar cookies).<\/p>\n<p>Una \u201cCookie\u201d es un peque\u00f1o archivo de texto que un sitio web almacena en el navegador del usuario.\u00a0Las cookies facilitan el uso y navegaci\u00f3n por una p\u00e1gina web y son esenciales para el funcionamiento de internet, aportando innumerables ventajas en la prestaci\u00f3n de servicios interactivos.<\/p>\n<p>Las cookies se utilizan por ejemplo, para gestionar la sesi\u00f3n del usuario (reduciendo el n\u00famero de veces que debe incluir la contrase\u00f1a) o para adecuar los contenidos de una p\u00e1gina web a sus preferencias. Las cookies pueden ser de \u201csesi\u00f3n\u201d, por lo que se borrar\u00e1n una vez el usuario abandone la p\u00e1gina web que las gener\u00f3, o \u201cpersistentes\u201d, que permanecen en su ordenador hasta una fecha determinada.<\/p>\n<p>Este documento de \u201cUso de Cookies\u201d ha sido elaborado a partir de una auditor\u00eda t\u00e9cnica externa y, por tanto, est\u00e1 sujeto a actualizaciones peri\u00f3dicas.\u00a0Su prop\u00f3sito es ayudarle a comprender el uso que esta p\u00e1gina web hace de las cookies, la finalidad de las cookies utilizadas, as\u00ed como de las opciones que el usuario tiene a su disposici\u00f3n para gestionarlas.<\/p>\n<p>El uso de esta web con la funcionalidad del navegador habilitada para aceptar cookies implica la aceptaci\u00f3n por parte del usuario de la tecnolog\u00eda cookie utilizada por esta web.<\/p>\n<h2><strong>Ejemplos de Tipo de cookies:<\/strong><\/h2>\n<h3><strong>Cookies de uso interno<\/strong><\/h3>\n<p>Son\u00a0\u00a0\u00a0<em>cookies de uso interno,<\/em>\u00a0\u00a0las imprescindibles para el funcionamiento de una web, como las que permiten la autenticaci\u00f3n o el mantenimiento de la sesi\u00f3n del usuario registrado cuando navega por la p\u00e1gina.\u00a0La desactivaci\u00f3n de estas cookies impide el correcto funcionamiento de algunas de las funcionalidades de la web.<\/p>\n<h3><strong>Cookies Anal\u00edticas<\/strong><\/h3>\n<p>Esta web utiliza\u00a0\u00a0\u00a0<em>cookies anal\u00edticas\u00a0<\/em>\u00a0\u00a0para solicitar estad\u00edsticas sobre la actividad del usuario en la web y la actividad general de la misma.\u00a0La informaci\u00f3n recopilada es an\u00f3nima y permite optimizar la navegaci\u00f3n por nuestra p\u00e1gina web y garantizar el mejor servicio al usuario.\u00a0El usuario puede excluir su actividad mediante los sistemas de exclusi\u00f3n facilitados por las herramientas anal\u00edticas.<\/p>\n<h3><strong>Cookies de terceros para la gesti\u00f3n de espacios publicitarios<\/strong><\/h3>\n<p>Son cookies almacenadas por terceras partes que gestionan los espacios publicitarios que los usuarios visualizan al acceder a esta web.\u00a0Estas cookies permiten medir la efectividad de campa\u00f1as online, proporcionar al usuario informaci\u00f3n de su inter\u00e9s y ofrecer contenidos publicitarios de su preferencia.\u00a0De conformidad con sus propias pol\u00edticas, algunos gestores de publicidad pueden utilizar las cookies an\u00f3nimas para mostrar anuncios de su inter\u00e9s cuando visite otras p\u00e1ginas web.\u00a0Sin embargo, los usuarios pueden gestionar la aceptaci\u00f3n o no de estas cookies mediante la configuraci\u00f3n de su navegador.<\/p>\n<h2><strong>Garant\u00edas y opciones sobre las cookies<\/strong><\/h2>\n<p>Durante la instalaci\u00f3n o puesta al d\u00eda del navegador, el usuario tiene la posibilidad de aceptar o rechazar la instalaci\u00f3n de cookies, o rechazar la instalaci\u00f3n de un determinado tipo de cookies, como las cookies de publicidad y de terceros.\u00a0Adem\u00e1s, despu\u00e9s de cada sesi\u00f3n puede eliminar todas o algunas de las cookies almacenadas.<\/p>\n<p>Asimismo, el usuario puede activar:<\/p>\n<ul>\n<li>La navegaci\u00f3n privada, mediante la cual su navegador deja de guardar el historial de navegaci\u00f3n, contrase\u00f1as de sitios web, cookies y otra informaci\u00f3n de las p\u00e1ginas que visite, o<\/li>\n<li>la funci\u00f3n de no rastrear, por la que el navegador pide a los sitios web que visite que no rastreen sus h\u00e1bitos de navegaci\u00f3n para, por ejemplo, servir publicidad de su inter\u00e9s en los sitios que visita.<\/li>\n<\/ul>\n<p>Le recomendamos que consulte la ayuda de su navegador para informarse de las diferentes opciones sobre c\u00f3mo gestionar las cookies.\u00a0Tenga en cuenta que el bloqueo de cookies puede afectar a todas o algunas de las funcionalidades de nuestra web.<\/p>\n<h2><strong>Cookies utilizadas en esta web:<\/strong><\/h2>\n<div class=\"table-1\">\n<table width=\"100%\">\n<thead>\n<tr>\n<td><strong>nombre de la galleta<\/strong><\/td>\n<td><strong>Tipo de galleta<\/strong><\/td>\n<td><strong>Tiempo de caducidad<\/strong><\/td>\n<td><strong>Descripci\u00f3n<\/strong><\/td>\n<\/tr>\n<\/thead>\n<tbody>\n<tr>\n<td>__utma<\/td>\n<td>Rendimiento<\/td>\n<td data-cs-i18n-text=\"{\">2 a\u00f1os<\/td>\n<td data-cs-i18n-text=\"{\">Esta es una de las cuatro cookies principales establecidas por el servicio Google Analytics que permite a los propietarios de sitios web realizar un seguimiento del comportamiento de los visitantes y medir el rendimiento del sitio<\/td>\n<\/tr>\n<tr>\n<td>__utmc<\/td>\n<td>Rendimiento<\/td>\n<td>Sesi\u00f3n<\/td>\n<td>Esta es una de las cuatro cookies principales establecidas por el servicio Google Analytics que permite a los propietarios de sitios web realizar un seguimiento del comportamiento de los visitantes y medir el rendimiento del sitio<\/td>\n<\/tr>\n<tr>\n<td>__utmz<\/td>\n<td>Rendimiento<\/td>\n<td data-cs-i18n-text=\"{\">6 meses 2 d\u00edas<\/td>\n<td>Esta es una de las cuatro cookies principales establecidas por el servicio Google Analytics que permite a los propietarios de sitios web realizar un seguimiento del comportamiento de los visitantes para medir el rendimiento del sitio<\/td>\n<\/tr>\n<tr>\n<td>__ext<\/td>\n<td>Rendimiento<\/td>\n<td data-cs-i18n-text=\"{\">10 minutos<\/td>\n<td>Esta cookie la define Google Analytics.\u00a0Seg\u00fan su documentaci\u00f3n, se utiliza para restringir la tasa de solicitudes del servicio, limitando la recopilaci\u00f3n de datos en sitios de gran tr\u00e1fico.\u00a0Caduca al cabo de 10 minutos<\/td>\n<\/tr>\n<tr>\n<td>__utmb<\/td>\n<td>Rendimiento<\/td>\n<td data-cs-i18n-text=\"{\">30 minutos<\/td>\n<td>Esta es una de las cuatro cookies principales establecidas por el servicio Google Analytics que permite a los propietarios de sitios web realizar un seguimiento del comportamiento de los visitantes y medir el rendimiento del sitio.<\/td>\n<\/tr>\n<\/tbody>\n<\/table>\n<\/div>\n<h2><\/h2>\n<h2><strong>Redes Sociales:<\/strong><\/h2>\n<p>Cookies de complementos externos de contenidos y Cookies usadas por redes sociales:<\/p>\n<p>En otros sitios que no pertenecen a\u00a0<strong>Ricam<\/strong>\u00a0se instalan cookies de terceros a todos sus visitantes, aunque no sean usuarios registrados en las correspondientes plataformas:<\/p>\n<ul>\n<li><strong>Twitter<\/strong>. Sus finalidades est\u00e1n descritas en la P\u00e1gina de Cookies de <strong>Twitter<\/strong>:<\/li>\n<li><strong>Facebook<\/strong>.\u00a0Sus finalidades est\u00e1n descritas en la P\u00e1gina de Cookies de\u00a0\u00a0<strong>Facebook<\/strong>:\u00a0\u00a0<a href=\"https:\/\/es-es.facebook.com\/help\/cookies\/\">https:\/\/es-es.facebook.com\/help\/cookies\/<\/a><\/li>\n<li><strong>LinkedIn<\/strong>.\u00a0Sus finalidades est\u00e1n descritas en la P\u00e1gina de Cookies de\u00a0\u00a0<strong>LinkedIn<\/strong>:\u00a0\u00a0<a href=\"https:\/\/www.linkedin.com\/legal\/cookie-policy?trk=organization-guest_footer-cookie-policy\">https:\/\/www.linkedin.com\/legal\/cookie-policy?trk=organization-guest_footer-cookie-policy<\/a><\/li>\n<li><strong>Google+<\/strong>.\u00a0Sus finalidades est\u00e1n descritas en la P\u00e1gina de Cookies de\u00a0\u00a0<strong>Google<\/strong>:\u00a0\u00a0<a href=\"https:\/\/policies.google.com\/technologies\/types?hl=es\">https:\/\/policies.google.com\/technologies\/types?hl=es<\/a><\/li>\n<li><strong>YouTube<\/strong>.\u00a0Sus finalidades est\u00e1n descritas en la P\u00e1gina de Cookies de\u00a0\u00a0<strong>YouTube<\/strong>:\u00a0\u00a0<a href=\"https:\/\/www.google.es\/intl\/es\/policies\/privacy\/key-terms\/#toc-terms-cookie\">https:\/\/www.google.es\/intl\/es\/policies\/privacy\/key-terms\/#toc-terms-cookie<\/a><\/li>\n<li><strong>Instagram<\/strong>.\u00a0Sus finalidades est\u00e1n descritas en la P\u00e1gina de Cookies de\u00a0\u00a0<strong>Instagram<\/strong> :\u00a0\u00a0<a href=\"https:\/\/instagram.com\/legal\/cookies\/\">https:\/\/instagram.com\/legal\/cookies\/<\/a><\/li>\n<\/ul>\n<p><strong>\u00a0<\/strong><\/p>\n<p><strong>Esta informaci\u00f3n la utilizamos para mejorar nuestra p\u00e1gina<\/strong>, detectar nuevas necesidades y valorar las mejoras a introducir con el fin de prestar un mejor servicio a los usuarios que nos visiten.<\/p>\n<p><strong>Para permitir, conocer, bloquear o eliminar las cookies instaladas en tu equipo puedes hacerlo mediante la configuraci\u00f3n de las opciones del navegador instalado en su ordenador<\/strong>.<\/p>\n<p>Por ejemplo, puede encontrar informaci\u00f3n sobre c\u00f3mo hacerlo en caso de que utilice alguno de estos navegadores:<\/p>\n<p>Firefox desde aqu\u00ed:<br \/>\n<u><a href=\"http:\/\/support.mozilla.org\/es\/kb\/habilitar-y-deshabilitar-cookies-que-los-sitios-we\">http:\/\/support.mozilla.org\/es\/kb\/habilitar-y-deshabilitar-cookies-que-los-sitios-we<\/a><\/u><\/p>\n<p>Chrome desde aqu\u00ed:<br \/>\n<u><a href=\"http:\/\/support.google.com\/chrome\/bin\/answer.py?hl=es&amp;answer=95647\">http:\/\/support.google.com\/chrome\/bin\/answer.py?hl=ca&amp;answer=95647<\/a><\/u><\/p>\n<p>Explorer desde aqu\u00ed:<br \/>\n<u><a href=\"https:\/\/support.microsoft.com\/es-es\/help\/17442\/windows-internet-explorer-delete-manage-cookies\">https:\/\/support.microsoft.com\/ca-help\/17442\/windows-internet-explorer-delete-manage-cookies<\/a><\/u><\/p>\n<p>Safari desde aqu\u00ed:<br \/>\n<u><a href=\"http:\/\/support.apple.com\/kb\/ph5042\">http:\/\/support.apple.com\/kb\/ph5042<\/a><\/u><\/p>\n<p>Opera desde aqu\u00ed:<br \/>\n<u><a href=\"http:\/\/help.opera.com\/Windows\/11.50\/es-ES\/cookies.html\">http:\/\/help.opera.com\/Windows\/11.50\/ca-ES\/cookies.html<\/a><\/u><\/p>\n<\/div><\/div><\/div><\/div><\/div><\/p>\n","protected":false},"excerpt":{"rendered":"","protected":false},"author":1,"featured_media":0,"parent":0,"menu_order":0,"comment_status":"closed","ping_status":"closed","template":"100-width.php","meta":{"footnotes":""},"class_list":["post-5839","page","type-page","status-publish","hentry"],"yoast_head":"<!-- This site is optimized with the Yoast SEO plugin v25.0 - https:\/\/yoast.com\/wordpress\/plugins\/seo\/ -->\n<title>Pol\u00edtica de Cookies - RICAM ASSOCIATS<\/title>\n<meta name=\"robots\" content=\"noindex, follow, max-snippet:-1, max-image-preview:large, max-video-preview:-1\" \/>\n<meta property=\"og:locale\" content=\"es_ES\" \/>\n<meta property=\"og:type\" content=\"article\" \/>\n<meta property=\"og:title\" content=\"Pol\u00edtica de Cookies - RICAM ASSOCIATS\" \/>\n<meta property=\"og:url\" content=\"https:\/\/ricam.compsaonline.cat\/es\/politica-cookies\/\" \/>\n<meta property=\"og:site_name\" content=\"RICAM ASSOCIATS\" \/>\n<meta property=\"article:modified_time\" content=\"2025-05-09T09:51:52+00:00\" \/>\n<meta name=\"twitter:card\" content=\"summary_large_image\" \/>\n<meta name=\"twitter:label1\" content=\"Tiempo de lectura\" \/>\n\t<meta name=\"twitter:data1\" content=\"7 minutos\" \/>\n<script type=\"application\/ld+json\" class=\"yoast-schema-graph\">{\"@context\":\"https:\/\/schema.org\",\"@graph\":[{\"@type\":\"WebPage\",\"@id\":\"https:\/\/ricam.compsaonline.cat\/es\/politica-cookies\/\",\"url\":\"https:\/\/ricam.compsaonline.cat\/es\/politica-cookies\/\",\"name\":\"Pol\u00edtica de Cookies - RICAM ASSOCIATS\",\"isPartOf\":{\"@id\":\"https:\/\/ricam.compsaonline.cat\/es\/#website\"},\"datePublished\":\"2025-05-09T08:31:28+00:00\",\"dateModified\":\"2025-05-09T09:51:52+00:00\",\"breadcrumb\":{\"@id\":\"https:\/\/ricam.compsaonline.cat\/es\/politica-cookies\/#breadcrumb\"},\"inLanguage\":\"es\",\"potentialAction\":[{\"@type\":\"ReadAction\",\"target\":[\"https:\/\/ricam.compsaonline.cat\/es\/politica-cookies\/\"]}]},{\"@type\":\"BreadcrumbList\",\"@id\":\"https:\/\/ricam.compsaonline.cat\/es\/politica-cookies\/#breadcrumb\",\"itemListElement\":[{\"@type\":\"ListItem\",\"position\":1,\"name\":\"Inici\",\"item\":\"https:\/\/ricam.compsaonline.cat\/es\/\"},{\"@type\":\"ListItem\",\"position\":2,\"name\":\"Pol\u00edtica de Cookies\"}]},{\"@type\":\"WebSite\",\"@id\":\"https:\/\/ricam.compsaonline.cat\/es\/#website\",\"url\":\"https:\/\/ricam.compsaonline.cat\/es\/\",\"name\":\"RICAM ASSOCIATS\",\"description\":\"Si tens una idea de negoci, estem aqu\u00ed per ajudar-te a fer-la realitat. Vetllem pels teus interessos i t&#039;acompanyem en cada pas, facilitant-te el cam\u00ed i ajudant-te en els tr\u00e0mits administratius.\",\"potentialAction\":[{\"@type\":\"SearchAction\",\"target\":{\"@type\":\"EntryPoint\",\"urlTemplate\":\"https:\/\/ricam.compsaonline.cat\/es\/?s={search_term_string}\"},\"query-input\":{\"@type\":\"PropertyValueSpecification\",\"valueRequired\":true,\"valueName\":\"search_term_string\"}}],\"inLanguage\":\"es\"}]}<\/script>\n<!-- \/ Yoast SEO plugin. -->","yoast_head_json":{"title":"Pol\u00edtica de Cookies - RICAM ASSOCIATS","robots":{"index":"noindex","follow":"follow","max-snippet":"max-snippet:-1","max-image-preview":"max-image-preview:large","max-video-preview":"max-video-preview:-1"},"og_locale":"es_ES","og_type":"article","og_title":"Pol\u00edtica de Cookies - RICAM ASSOCIATS","og_url":"https:\/\/ricam.compsaonline.cat\/es\/politica-cookies\/","og_site_name":"RICAM ASSOCIATS","article_modified_time":"2025-05-09T09:51:52+00:00","twitter_card":"summary_large_image","twitter_misc":{"Tiempo de lectura":"7 minutos"},"schema":{"@context":"https:\/\/schema.org","@graph":[{"@type":"WebPage","@id":"https:\/\/ricam.compsaonline.cat\/es\/politica-cookies\/","url":"https:\/\/ricam.compsaonline.cat\/es\/politica-cookies\/","name":"Pol\u00edtica de Cookies - RICAM ASSOCIATS","isPartOf":{"@id":"https:\/\/ricam.compsaonline.cat\/es\/#website"},"datePublished":"2025-05-09T08:31:28+00:00","dateModified":"2025-05-09T09:51:52+00:00","breadcrumb":{"@id":"https:\/\/ricam.compsaonline.cat\/es\/politica-cookies\/#breadcrumb"},"inLanguage":"es","potentialAction":[{"@type":"ReadAction","target":["https:\/\/ricam.compsaonline.cat\/es\/politica-cookies\/"]}]},{"@type":"BreadcrumbList","@id":"https:\/\/ricam.compsaonline.cat\/es\/politica-cookies\/#breadcrumb","itemListElement":[{"@type":"ListItem","position":1,"name":"Inici","item":"https:\/\/ricam.compsaonline.cat\/es\/"},{"@type":"ListItem","position":2,"name":"Pol\u00edtica de Cookies"}]},{"@type":"WebSite","@id":"https:\/\/ricam.compsaonline.cat\/es\/#website","url":"https:\/\/ricam.compsaonline.cat\/es\/","name":"RICAM ASSOCIATS","description":"Si tens una idea de negoci, estem aqu\u00ed per ajudar-te a fer-la realitat. Vetllem pels teus interessos i t&#039;acompanyem en cada pas, facilitant-te el cam\u00ed i ajudant-te en els tr\u00e0mits administratius.","potentialAction":[{"@type":"SearchAction","target":{"@type":"EntryPoint","urlTemplate":"https:\/\/ricam.compsaonline.cat\/es\/?s={search_term_string}"},"query-input":{"@type":"PropertyValueSpecification","valueRequired":true,"valueName":"search_term_string"}}],"inLanguage":"es"}]}},"_links":{"self":[{"href":"https:\/\/ricam.compsaonline.cat\/es\/wp-json\/wp\/v2\/pages\/5839","targetHints":{"allow":["GET"]}}],"collection":[{"href":"https:\/\/ricam.compsaonline.cat\/es\/wp-json\/wp\/v2\/pages"}],"about":[{"href":"https:\/\/ricam.compsaonline.cat\/es\/wp-json\/wp\/v2\/types\/page"}],"author":[{"embeddable":true,"href":"https:\/\/ricam.compsaonline.cat\/es\/wp-json\/wp\/v2\/users\/1"}],"replies":[{"embeddable":true,"href":"https:\/\/ricam.compsaonline.cat\/es\/wp-json\/wp\/v2\/comments?post=5839"}],"version-history":[{"count":4,"href":"https:\/\/ricam.compsaonline.cat\/es\/wp-json\/wp\/v2\/pages\/5839\/revisions"}],"predecessor-version":[{"id":5900,"href":"https:\/\/ricam.compsaonline.cat\/es\/wp-json\/wp\/v2\/pages\/5839\/revisions\/5900"}],"wp:attachment":[{"href":"https:\/\/ricam.compsaonline.cat\/es\/wp-json\/wp\/v2\/media?parent=5839"}],"curies":[{"name":"wp","href":"https:\/\/api.w.org\/{rel}","templated":true}]}}